{"id":15718,"date":"2025-07-21T17:35:38","date_gmt":"2025-07-21T20:35:38","guid":{"rendered":"https:\/\/webnatica.com.br\/?page_id=15718"},"modified":"2025-07-21T17:35:39","modified_gmt":"2025-07-21T20:35:39","slug":"configuracao-no-googles-shopping","status":"publish","type":"page","link":"https:\/\/webnatica.com.br\/?page_id=15718","title":{"rendered":"Googles Shopping"},"content":{"rendered":"","protected":false},"excerpt":{"rendered":"","protected":false},"author":2,"featured_media":0,"parent":0,"menu_order":0,"comment_status":"closed","ping_status":"closed","template":"","meta":{"_joinchat":[],"footnotes":""},"class_list":["post-15718","page","type-page","status-publish","hentry","no-post-thumbnail"],"yoast_head":"<!-- This site is optimized with the Yoast SEO plugin v25.5 - https:\/\/yoast.com\/wordpress\/plugins\/seo\/ -->\n<title>Googles Shopping - Webn\u00e1tica - Marketing &amp; Automa\u00e7\u00e3o Digital<\/title>\n<meta name=\"robots\" content=\"index, follow, max-snippet:-1, max-image-preview:large, max-video-preview:-1\" \/>\n<link rel=\"canonical\" href=\"https:\/\/webnatica.com.br\/?page_id=15718\" \/>\n<meta property=\"og:locale\" content=\"pt_BR\" \/>\n<meta property=\"og:type\" content=\"article\" \/>\n<meta property=\"og:title\" content=\"Googles Shopping - Webn\u00e1tica - Marketing &amp; Automa\u00e7\u00e3o Digital\" \/>\n<meta property=\"og:url\" content=\"https:\/\/webnatica.com.br\/?page_id=15718\" \/>\n<meta property=\"og:site_name\" content=\"Webn\u00e1tica - Marketing &amp; Automa\u00e7\u00e3o Digital\" \/>\n<meta property=\"article:modified_time\" content=\"2025-07-21T20:35:39+00:00\" \/>\n<meta name=\"twitter:card\" content=\"summary_large_image\" \/>\n<script type=\"application\/ld+json\" class=\"yoast-schema-graph\">{\"@context\":\"https:\/\/schema.org\",\"@graph\":[{\"@type\":\"WebPage\",\"@id\":\"https:\/\/webnatica.com.br\/?page_id=15718\",\"url\":\"https:\/\/webnatica.com.br\/?page_id=15718\",\"name\":\"Googles Shopping - Webn\u00e1tica - Marketing &amp; Automa\u00e7\u00e3o Digital\",\"isPartOf\":{\"@id\":\"https:\/\/webnatica.com.br\/#website\"},\"datePublished\":\"2025-07-21T20:35:38+00:00\",\"dateModified\":\"2025-07-21T20:35:39+00:00\",\"breadcrumb\":{\"@id\":\"https:\/\/webnatica.com.br\/?page_id=15718#breadcrumb\"},\"inLanguage\":\"pt-BR\",\"potentialAction\":[{\"@type\":\"ReadAction\",\"target\":[\"https:\/\/webnatica.com.br\/?page_id=15718\"]}]},{\"@type\":\"BreadcrumbList\",\"@id\":\"https:\/\/webnatica.com.br\/?page_id=15718#breadcrumb\",\"itemListElement\":[{\"@type\":\"ListItem\",\"position\":1,\"name\":\"In\u00edcio\",\"item\":\"https:\/\/webnatica.com.br\/\"},{\"@type\":\"ListItem\",\"position\":2,\"name\":\"Googles Shopping\"}]},{\"@type\":\"WebSite\",\"@id\":\"https:\/\/webnatica.com.br\/#website\",\"url\":\"https:\/\/webnatica.com.br\/\",\"name\":\"Webn\u00e1tica - Ag\u00eancia Digital de Marketing & Trafego Pago\",\"description\":\"Gerenciamos o Tr\u00e1fego para sua empresa atrav\u00e9s Marketing Digital  e Automa\u00e7\u00e3o de atendimentos com Intelig\u00eancia Artificial\",\"publisher\":{\"@id\":\"https:\/\/webnatica.com.br\/#organization\"},\"potentialAction\":[{\"@type\":\"SearchAction\",\"target\":{\"@type\":\"EntryPoint\",\"urlTemplate\":\"https:\/\/webnatica.com.br\/?s={search_term_string}\"},\"query-input\":{\"@type\":\"PropertyValueSpecification\",\"valueRequired\":true,\"valueName\":\"search_term_string\"}}],\"inLanguage\":\"pt-BR\"},{\"@type\":\"Organization\",\"@id\":\"https:\/\/webnatica.com.br\/#organization\",\"name\":\"Webn\u00e1tica - Ag\u00eancia Digital de Marketing & Trafego Pago\",\"url\":\"https:\/\/webnatica.com.br\/\",\"logo\":{\"@type\":\"ImageObject\",\"inLanguage\":\"pt-BR\",\"@id\":\"https:\/\/webnatica.com.br\/#\/schema\/logo\/image\/\",\"url\":\"https:\/\/webnatica.com.br\/wp-content\/uploads\/2024\/07\/webnatica_360_179.png\",\"contentUrl\":\"https:\/\/webnatica.com.br\/wp-content\/uploads\/2024\/07\/webnatica_360_179.png\",\"width\":360,\"height\":179,\"caption\":\"Webn\u00e1tica - Ag\u00eancia Digital de Marketing & Trafego Pago\"},\"image\":{\"@id\":\"https:\/\/webnatica.com.br\/#\/schema\/logo\/image\/\"},\"sameAs\":[\"https:\/\/www.instagram.com\/webnatica.agencia\"]}]}<\/script>\n<!-- \/ Yoast SEO plugin. -->","yoast_head_json":{"title":"Googles Shopping - Webn\u00e1tica - Marketing &amp; Automa\u00e7\u00e3o Digital","robots":{"index":"index","follow":"follow","max-snippet":"max-snippet:-1","max-image-preview":"max-image-preview:large","max-video-preview":"max-video-preview:-1"},"canonical":"https:\/\/webnatica.com.br\/?page_id=15718","og_locale":"pt_BR","og_type":"article","og_title":"Googles Shopping - Webn\u00e1tica - Marketing &amp; Automa\u00e7\u00e3o Digital","og_url":"https:\/\/webnatica.com.br\/?page_id=15718","og_site_name":"Webn\u00e1tica - Marketing &amp; Automa\u00e7\u00e3o Digital","article_modified_time":"2025-07-21T20:35:39+00:00","twitter_card":"summary_large_image","schema":{"@context":"https:\/\/schema.org","@graph":[{"@type":"WebPage","@id":"https:\/\/webnatica.com.br\/?page_id=15718","url":"https:\/\/webnatica.com.br\/?page_id=15718","name":"Googles Shopping - Webn\u00e1tica - Marketing &amp; Automa\u00e7\u00e3o Digital","isPartOf":{"@id":"https:\/\/webnatica.com.br\/#website"},"datePublished":"2025-07-21T20:35:38+00:00","dateModified":"2025-07-21T20:35:39+00:00","breadcrumb":{"@id":"https:\/\/webnatica.com.br\/?page_id=15718#breadcrumb"},"inLanguage":"pt-BR","potentialAction":[{"@type":"ReadAction","target":["https:\/\/webnatica.com.br\/?page_id=15718"]}]},{"@type":"BreadcrumbList","@id":"https:\/\/webnatica.com.br\/?page_id=15718#breadcrumb","itemListElement":[{"@type":"ListItem","position":1,"name":"In\u00edcio","item":"https:\/\/webnatica.com.br\/"},{"@type":"ListItem","position":2,"name":"Googles Shopping"}]},{"@type":"WebSite","@id":"https:\/\/webnatica.com.br\/#website","url":"https:\/\/webnatica.com.br\/","name":"Webn\u00e1tica - Ag\u00eancia Digital de Marketing & Trafego Pago","description":"Gerenciamos o Tr\u00e1fego para sua empresa atrav\u00e9s Marketing Digital  e Automa\u00e7\u00e3o de atendimentos com Intelig\u00eancia Artificial","publisher":{"@id":"https:\/\/webnatica.com.br\/#organization"},"potentialAction":[{"@type":"SearchAction","target":{"@type":"EntryPoint","urlTemplate":"https:\/\/webnatica.com.br\/?s={search_term_string}"},"query-input":{"@type":"PropertyValueSpecification","valueRequired":true,"valueName":"search_term_string"}}],"inLanguage":"pt-BR"},{"@type":"Organization","@id":"https:\/\/webnatica.com.br\/#organization","name":"Webn\u00e1tica - Ag\u00eancia Digital de Marketing & Trafego Pago","url":"https:\/\/webnatica.com.br\/","logo":{"@type":"ImageObject","inLanguage":"pt-BR","@id":"https:\/\/webnatica.com.br\/#\/schema\/logo\/image\/","url":"https:\/\/webnatica.com.br\/wp-content\/uploads\/2024\/07\/webnatica_360_179.png","contentUrl":"https:\/\/webnatica.com.br\/wp-content\/uploads\/2024\/07\/webnatica_360_179.png","width":360,"height":179,"caption":"Webn\u00e1tica - Ag\u00eancia Digital de Marketing & Trafego Pago"},"image":{"@id":"https:\/\/webnatica.com.br\/#\/schema\/logo\/image\/"},"sameAs":["https:\/\/www.instagram.com\/webnatica.agencia"]}]}},"_links":{"self":[{"href":"https:\/\/webnatica.com.br\/index.php?rest_route=\/wp\/v2\/pages\/15718","targetHints":{"allow":["GET"]}}],"collection":[{"href":"https:\/\/webnatica.com.br\/index.php?rest_route=\/wp\/v2\/pages"}],"about":[{"href":"https:\/\/webnatica.com.br\/index.php?rest_route=\/wp\/v2\/types\/page"}],"author":[{"embeddable":true,"href":"https:\/\/webnatica.com.br\/index.php?rest_route=\/wp\/v2\/users\/2"}],"replies":[{"embeddable":true,"href":"https:\/\/webnatica.com.br\/index.php?rest_route=%2Fwp%2Fv2%2Fcomments&post=15718"}],"version-history":[{"count":2,"href":"https:\/\/webnatica.com.br\/index.php?rest_route=\/wp\/v2\/pages\/15718\/revisions"}],"predecessor-version":[{"id":15721,"href":"https:\/\/webnatica.com.br\/index.php?rest_route=\/wp\/v2\/pages\/15718\/revisions\/15721"}],"wp:attachment":[{"href":"https:\/\/webnatica.com.br\/index.php?rest_route=%2Fwp%2Fv2%2Fmedia&parent=15718"}],"curies":[{"name":"wp","href":"https:\/\/api.w.org\/{rel}","templated":true}]}}