{"id":14582,"date":"2025-05-28T19:01:44","date_gmt":"2025-05-28T22:01:44","guid":{"rendered":"https:\/\/webnatica.com.br\/?page_id=14582"},"modified":"2025-08-29T18:03:42","modified_gmt":"2025-08-29T21:03:42","slug":"campanha-no-googles-ads","status":"publish","type":"page","link":"https:\/\/webnatica.com.br\/?page_id=14582","title":{"rendered":"Campanha no Googles Ads"},"content":{"rendered":"\t\t<div data-elementor-type=\"wp-page\" data-elementor-id=\"14582\" class=\"elementor elementor-14582\" data-elementor-post-type=\"page\">\n\t\t\t\t\t\t<section class=\"elementor-section elementor-top-section elementor-element elementor-element-70cbe60 elementor-section-full_width elementor-section-height-full elementor-section-height-default elementor-section-items-middle\" data-id=\"70cbe60\" data-element_type=\"section\" data-settings=\"{&quot;background_background&quot;:&quot;slideshow&quot;,&quot;background_slideshow_gallery&quot;:[{&quot;id&quot;:15477,&quot;url&quot;:&quot;https:\\\/\\\/webnatica.com.br\\\/wp-content\\\/uploads\\\/2025\\\/06\\\/Banner-Secao-1.jpg&quot;}],&quot;background_slideshow_loop&quot;:&quot;yes&quot;,&quot;background_slideshow_slide_duration&quot;:5000,&quot;background_slideshow_slide_transition&quot;:&quot;fade&quot;,&quot;background_slideshow_transition_duration&quot;:500}\">\n\t\t\t\t\t\t<div class=\"elementor-container elementor-column-gap-default\">\n\t\t\t\t\t<div class=\"elementor-column elementor-col-50 elementor-top-column elementor-element elementor-element-c117937\" data-id=\"c117937\" data-element_type=\"column\">\n\t\t\t<div class=\"elementor-widget-wrap elementor-element-populated\">\n\t\t\t\t\t\t<div class=\"elementor-element elementor-element-481e655 elementor-widget__width-initial elementor-widget elementor-widget-heading\" data-id=\"481e655\" data-element_type=\"widget\" data-widget_type=\"heading.default\">\n\t\t\t\t<div class=\"elementor-widget-container\">\n\t\t\t<style>\/*! elementor - v3.23.0 - 15-07-2024 *\/\n.elementor-heading-title{padding:0;margin:0;line-height:1}.elementor-widget-heading .elementor-heading-title[class*=elementor-size-]>a{color:inherit;font-size:inherit;line-height:inherit}.elementor-widget-heading .elementor-heading-title.elementor-size-small{font-size:15px}.elementor-widget-heading .elementor-heading-title.elementor-size-medium{font-size:19px}.elementor-widget-heading .elementor-heading-title.elementor-size-large{font-size:29px}.elementor-widget-heading .elementor-heading-title.elementor-size-xl{font-size:39px}.elementor-widget-heading .elementor-heading-title.elementor-size-xxl{font-size:59px}<\/style><h2 class=\"elementor-heading-title elementor-size-default\">Ag\u00eancia Especializada em Campanhas no Google ADS<\/h2>\t\t<\/div>\n\t\t\t\t<\/div>\n\t\t\t\t\t<\/div>\n\t\t<\/div>\n\t\t\t\t<div class=\"elementor-column elementor-col-50 elementor-top-column elementor-element elementor-element-492e148\" data-id=\"492e148\" data-element_type=\"column\">\n\t\t\t<div class=\"elementor-widget-wrap elementor-element-populated\">\n\t\t\t\t\t\t\t<\/div>\n\t\t<\/div>\n\t\t\t\t\t<\/div>\n\t\t<\/section>\n\t\t<div class=\"elementor-element elementor-element-4c20bad e-flex e-con-boxed e-con e-parent\" data-id=\"4c20bad\" data-element_type=\"container\">\n\t\t\t\t\t<div class=\"e-con-inner\">\n\t\t\t\t<div class=\"elementor-element elementor-element-1587a31 elementor-widget elementor-widget-html\" data-id=\"1587a31\" data-element_type=\"widget\" data-widget_type=\"html.default\">\n\t\t\t\t<div class=\"elementor-widget-container\">\n\t\t\t<div class=\"scrolling-banner-section\">\n    <div class=\"scrolling-banner-wrapper\">\n        <div class=\"scrolling-banner-track\">\n            <!-- Seu conte\u00fado (Primeira vez) -->\n            <span>An\u00fancios direcionados<\/span>\n            <span class=\"separator\">&bull;<\/span>\n            <span>ROI mensur\u00e1vel e crescimento r\u00e1pido para sua empresa<\/span>\n            <span class=\"separator\">&bull;<\/span>\n\n            <!-- Seu conte\u00fado (DUPLICADO para o efeito infinito) -->\n            <span>An\u00fancios direcionados<\/span>\n            <span class=\"separator\">&bull;<\/span>\n            <span>ROI mensur\u00e1vel e crescimento r\u00e1pido para sua empresa<\/span>\n            <span class=\"separator\">&bull;<\/span>\n        <\/div>\n    <\/div>\n<\/div>\t\t<\/div>\n\t\t\t\t<\/div>\n\t\t\t\t\t<\/div>\n\t\t\t\t<\/div>\n\t\t\t\t<\/div>\n\t\t","protected":false},"excerpt":{"rendered":"<p>Ag\u00eancia Especializada em Campanhas no Google ADS An\u00fancios direcionados &bull; ROI mensur\u00e1vel e crescimento r\u00e1pido para sua empresa &bull; An\u00fancios direcionados &bull; ROI mensur\u00e1vel e crescimento r\u00e1pido para sua empresa &bull;<\/p>\n","protected":false},"author":2,"featured_media":0,"parent":0,"menu_order":0,"comment_status":"closed","ping_status":"closed","template":"elementor_header_footer","meta":{"_joinchat":[],"footnotes":""},"class_list":["post-14582","page","type-page","status-publish","hentry","no-post-thumbnail"],"yoast_head":"<!-- This site is optimized with the Yoast SEO plugin v25.5 - https:\/\/yoast.com\/wordpress\/plugins\/seo\/ -->\n<title>Campanha no Googles Ads - Webn\u00e1tica - Marketing &amp; Automa\u00e7\u00e3o Digital<\/title>\n<meta name=\"robots\" content=\"index, follow, max-snippet:-1, max-image-preview:large, max-video-preview:-1\" \/>\n<link rel=\"canonical\" href=\"https:\/\/webnatica.com.br\/?page_id=14582\" \/>\n<meta property=\"og:locale\" content=\"pt_BR\" \/>\n<meta property=\"og:type\" content=\"article\" \/>\n<meta property=\"og:title\" content=\"Campanha no Googles Ads - Webn\u00e1tica - Marketing &amp; Automa\u00e7\u00e3o Digital\" \/>\n<meta property=\"og:description\" content=\"Ag\u00eancia Especializada em Campanhas no Google ADS An\u00fancios direcionados &bull; ROI mensur\u00e1vel e crescimento r\u00e1pido para sua empresa &bull; An\u00fancios direcionados &bull; ROI mensur\u00e1vel e crescimento r\u00e1pido para sua empresa &bull;\" \/>\n<meta property=\"og:url\" content=\"https:\/\/webnatica.com.br\/?page_id=14582\" \/>\n<meta property=\"og:site_name\" content=\"Webn\u00e1tica - Marketing &amp; Automa\u00e7\u00e3o Digital\" \/>\n<meta property=\"article:modified_time\" content=\"2025-08-29T21:03:42+00:00\" \/>\n<meta name=\"twitter:card\" content=\"summary_large_image\" \/>\n<meta name=\"twitter:label1\" content=\"Est. tempo de leitura\" \/>\n\t<meta name=\"twitter:data1\" content=\"1 minuto\" \/>\n<script type=\"application\/ld+json\" class=\"yoast-schema-graph\">{\"@context\":\"https:\/\/schema.org\",\"@graph\":[{\"@type\":\"WebPage\",\"@id\":\"https:\/\/webnatica.com.br\/?page_id=14582\",\"url\":\"https:\/\/webnatica.com.br\/?page_id=14582\",\"name\":\"Campanha no Googles Ads - Webn\u00e1tica - Marketing &amp; Automa\u00e7\u00e3o Digital\",\"isPartOf\":{\"@id\":\"https:\/\/webnatica.com.br\/#website\"},\"datePublished\":\"2025-05-28T22:01:44+00:00\",\"dateModified\":\"2025-08-29T21:03:42+00:00\",\"breadcrumb\":{\"@id\":\"https:\/\/webnatica.com.br\/?page_id=14582#breadcrumb\"},\"inLanguage\":\"pt-BR\",\"potentialAction\":[{\"@type\":\"ReadAction\",\"target\":[\"https:\/\/webnatica.com.br\/?page_id=14582\"]}]},{\"@type\":\"BreadcrumbList\",\"@id\":\"https:\/\/webnatica.com.br\/?page_id=14582#breadcrumb\",\"itemListElement\":[{\"@type\":\"ListItem\",\"position\":1,\"name\":\"In\u00edcio\",\"item\":\"https:\/\/webnatica.com.br\/\"},{\"@type\":\"ListItem\",\"position\":2,\"name\":\"Campanha no Googles Ads\"}]},{\"@type\":\"WebSite\",\"@id\":\"https:\/\/webnatica.com.br\/#website\",\"url\":\"https:\/\/webnatica.com.br\/\",\"name\":\"Webn\u00e1tica - Ag\u00eancia Digital de Marketing & Trafego Pago\",\"description\":\"Gerenciamos o Tr\u00e1fego para sua empresa atrav\u00e9s Marketing Digital  e Automa\u00e7\u00e3o de atendimentos com Intelig\u00eancia Artificial\",\"publisher\":{\"@id\":\"https:\/\/webnatica.com.br\/#organization\"},\"potentialAction\":[{\"@type\":\"SearchAction\",\"target\":{\"@type\":\"EntryPoint\",\"urlTemplate\":\"https:\/\/webnatica.com.br\/?s={search_term_string}\"},\"query-input\":{\"@type\":\"PropertyValueSpecification\",\"valueRequired\":true,\"valueName\":\"search_term_string\"}}],\"inLanguage\":\"pt-BR\"},{\"@type\":\"Organization\",\"@id\":\"https:\/\/webnatica.com.br\/#organization\",\"name\":\"Webn\u00e1tica - Ag\u00eancia Digital de Marketing & Trafego Pago\",\"url\":\"https:\/\/webnatica.com.br\/\",\"logo\":{\"@type\":\"ImageObject\",\"inLanguage\":\"pt-BR\",\"@id\":\"https:\/\/webnatica.com.br\/#\/schema\/logo\/image\/\",\"url\":\"https:\/\/webnatica.com.br\/wp-content\/uploads\/2024\/07\/webnatica_360_179.png\",\"contentUrl\":\"https:\/\/webnatica.com.br\/wp-content\/uploads\/2024\/07\/webnatica_360_179.png\",\"width\":360,\"height\":179,\"caption\":\"Webn\u00e1tica - Ag\u00eancia Digital de Marketing & Trafego Pago\"},\"image\":{\"@id\":\"https:\/\/webnatica.com.br\/#\/schema\/logo\/image\/\"},\"sameAs\":[\"https:\/\/www.instagram.com\/webnatica.agencia\"]}]}<\/script>\n<!-- \/ Yoast SEO plugin. -->","yoast_head_json":{"title":"Campanha no Googles Ads - Webn\u00e1tica - Marketing &amp; Automa\u00e7\u00e3o Digital","robots":{"index":"index","follow":"follow","max-snippet":"max-snippet:-1","max-image-preview":"max-image-preview:large","max-video-preview":"max-video-preview:-1"},"canonical":"https:\/\/webnatica.com.br\/?page_id=14582","og_locale":"pt_BR","og_type":"article","og_title":"Campanha no Googles Ads - Webn\u00e1tica - Marketing &amp; Automa\u00e7\u00e3o Digital","og_description":"Ag\u00eancia Especializada em Campanhas no Google ADS An\u00fancios direcionados &bull; ROI mensur\u00e1vel e crescimento r\u00e1pido para sua empresa &bull; An\u00fancios direcionados &bull; ROI mensur\u00e1vel e crescimento r\u00e1pido para sua empresa &bull;","og_url":"https:\/\/webnatica.com.br\/?page_id=14582","og_site_name":"Webn\u00e1tica - Marketing &amp; Automa\u00e7\u00e3o Digital","article_modified_time":"2025-08-29T21:03:42+00:00","twitter_card":"summary_large_image","twitter_misc":{"Est. tempo de leitura":"1 minuto"},"schema":{"@context":"https:\/\/schema.org","@graph":[{"@type":"WebPage","@id":"https:\/\/webnatica.com.br\/?page_id=14582","url":"https:\/\/webnatica.com.br\/?page_id=14582","name":"Campanha no Googles Ads - Webn\u00e1tica - Marketing &amp; Automa\u00e7\u00e3o Digital","isPartOf":{"@id":"https:\/\/webnatica.com.br\/#website"},"datePublished":"2025-05-28T22:01:44+00:00","dateModified":"2025-08-29T21:03:42+00:00","breadcrumb":{"@id":"https:\/\/webnatica.com.br\/?page_id=14582#breadcrumb"},"inLanguage":"pt-BR","potentialAction":[{"@type":"ReadAction","target":["https:\/\/webnatica.com.br\/?page_id=14582"]}]},{"@type":"BreadcrumbList","@id":"https:\/\/webnatica.com.br\/?page_id=14582#breadcrumb","itemListElement":[{"@type":"ListItem","position":1,"name":"In\u00edcio","item":"https:\/\/webnatica.com.br\/"},{"@type":"ListItem","position":2,"name":"Campanha no Googles Ads"}]},{"@type":"WebSite","@id":"https:\/\/webnatica.com.br\/#website","url":"https:\/\/webnatica.com.br\/","name":"Webn\u00e1tica - Ag\u00eancia Digital de Marketing & Trafego Pago","description":"Gerenciamos o Tr\u00e1fego para sua empresa atrav\u00e9s Marketing Digital  e Automa\u00e7\u00e3o de atendimentos com Intelig\u00eancia Artificial","publisher":{"@id":"https:\/\/webnatica.com.br\/#organization"},"potentialAction":[{"@type":"SearchAction","target":{"@type":"EntryPoint","urlTemplate":"https:\/\/webnatica.com.br\/?s={search_term_string}"},"query-input":{"@type":"PropertyValueSpecification","valueRequired":true,"valueName":"search_term_string"}}],"inLanguage":"pt-BR"},{"@type":"Organization","@id":"https:\/\/webnatica.com.br\/#organization","name":"Webn\u00e1tica - Ag\u00eancia Digital de Marketing & Trafego Pago","url":"https:\/\/webnatica.com.br\/","logo":{"@type":"ImageObject","inLanguage":"pt-BR","@id":"https:\/\/webnatica.com.br\/#\/schema\/logo\/image\/","url":"https:\/\/webnatica.com.br\/wp-content\/uploads\/2024\/07\/webnatica_360_179.png","contentUrl":"https:\/\/webnatica.com.br\/wp-content\/uploads\/2024\/07\/webnatica_360_179.png","width":360,"height":179,"caption":"Webn\u00e1tica - Ag\u00eancia Digital de Marketing & Trafego Pago"},"image":{"@id":"https:\/\/webnatica.com.br\/#\/schema\/logo\/image\/"},"sameAs":["https:\/\/www.instagram.com\/webnatica.agencia"]}]}},"_links":{"self":[{"href":"https:\/\/webnatica.com.br\/index.php?rest_route=\/wp\/v2\/pages\/14582","targetHints":{"allow":["GET"]}}],"collection":[{"href":"https:\/\/webnatica.com.br\/index.php?rest_route=\/wp\/v2\/pages"}],"about":[{"href":"https:\/\/webnatica.com.br\/index.php?rest_route=\/wp\/v2\/types\/page"}],"author":[{"embeddable":true,"href":"https:\/\/webnatica.com.br\/index.php?rest_route=\/wp\/v2\/users\/2"}],"replies":[{"embeddable":true,"href":"https:\/\/webnatica.com.br\/index.php?rest_route=%2Fwp%2Fv2%2Fcomments&post=14582"}],"version-history":[{"count":16,"href":"https:\/\/webnatica.com.br\/index.php?rest_route=\/wp\/v2\/pages\/14582\/revisions"}],"predecessor-version":[{"id":16466,"href":"https:\/\/webnatica.com.br\/index.php?rest_route=\/wp\/v2\/pages\/14582\/revisions\/16466"}],"wp:attachment":[{"href":"https:\/\/webnatica.com.br\/index.php?rest_route=%2Fwp%2Fv2%2Fmedia&parent=14582"}],"curies":[{"name":"wp","href":"https:\/\/api.w.org\/{rel}","templated":true}]}}